{"id":5875,"date":"2021-04-01T00:41:10","date_gmt":"2021-04-01T00:41:10","guid":{"rendered":"http:\/\/www.osc-ravnagora.com\/?page_id=5875"},"modified":"2021-04-01T01:18:08","modified_gmt":"2021-04-01T01:18:08","slug":"history","status":"publish","type":"page","link":"https:\/\/www.osc-ravnagora.com\/en\/history\/","title":{"rendered":"History"},"content":{"rendered":"<div id=\"fws_69dc2a5ca8527\"  data-column-margin=\"default\" data-midnight=\"dark\" data-top-percent=\"4%\"  class=\"wpb_row vc_row-fluid vc_row\"  style=\"padding-top: calc(100vw * 0.04); padding-bottom: 0px; \"><div class=\"row-bg-wrap\" data-bg-animation=\"none\" data-bg-overlay=\"false\"><div class=\"inner-wrap\"><div class=\"row-bg\"  style=\"\"><\/div><\/div><\/div><div class=\"row_col_wrap_12 col span_12 dark left\">\n\t<div  class=\"vc_col-sm-12 wpb_column column_container vc_column_container col no-extra-padding inherit_tablet inherit_phone\"  data-padding-pos=\"all\" data-has-bg-color=\"false\" data-bg-color=\"\" data-bg-opacity=\"1\" data-animation=\"\" data-delay=\"0\" >\n\t\t<div class=\"vc_column-inner\" >\n\t\t\t<div class=\"wpb_wrapper\">\n\t\t\t\t<h2 style=\"font-size: 40px;text-align: center\" class=\"vc_custom_heading\" >SHORT HISTORY OF THE SERBIAN CHETNIK EMIGRATION and the ORGANIZATION OF SERBIAN CHETNIKS \u201cIN THE FREE WORLD\u201d<\/h2>\n\t\t\t<\/div> \n\t\t<\/div>\n\t<\/div> \n<\/div><\/div>\r\n\t\t<div id=\"fws_69dc2a5ca924e\"  data-column-margin=\"default\" data-midnight=\"dark\" data-top-percent=\"4%\"  class=\"wpb_row vc_row-fluid vc_row\"  style=\"padding-top: calc(100vw * 0.04); padding-bottom: 0px; \"><div class=\"row-bg-wrap\" data-bg-animation=\"none\" data-bg-overlay=\"false\"><div class=\"inner-wrap\"><div class=\"row-bg\"  style=\"\"><\/div><\/div><\/div><div class=\"row_col_wrap_12 col span_12 dark left\">\n\t<div  class=\"vc_col-sm-6 wpb_column column_container vc_column_container col no-extra-padding inherit_tablet inherit_phone\"  data-padding-pos=\"all\" data-has-bg-color=\"false\" data-bg-color=\"\" data-bg-opacity=\"1\" data-animation=\"\" data-delay=\"0\" >\n\t\t<div class=\"vc_column-inner\" >\n\t\t\t<div class=\"wpb_wrapper\">\n\t\t\t\t\r\n<div class=\"wpb_text_column wpb_content_element\" >\r\n\t<div class=\"wpb_wrapper\">\r\n\t\t<p>After the retreat of the Yugoslavian Army in the Homeland, (better known as Chetniks) along with many civilians into Allied territory in 1945, all were placed in Displaced Person camps in Italy and the combatants were eventually disarmed.\u00a0 They were later moved to German DP camps and interrogated by the British \u201callies\u201d on behalf of the new Yugoslav communist regime looking for alleged \u201cwar criminals\u201d.\u00a0 There were none.\u00a0 After the vetting process and release of General Miodrag Damjanovi\u0107, commandant of all Royal Yugoslav Forces in the emigration, the first association of veterans was established by the general in the Grossenbrode camp in Germany on October 1, 1948 under the name of \u00a0the \u201cAssociation Of Combatants Of The Royal Yugoslav Army \u2013 Dra\u017ea Mihailovi\u0107\u201d.<\/p>\n\t<\/div>\r\n<\/div>\r\n\r\n\r\n\r\n\n\t\t\t<\/div> \n\t\t<\/div>\n\t<\/div> \n\n\t<div  class=\"vc_col-sm-6 wpb_column column_container vc_column_container col no-extra-padding inherit_tablet inherit_phone\"  data-padding-pos=\"all\" data-has-bg-color=\"false\" data-bg-color=\"\" data-bg-opacity=\"1\" data-animation=\"\" data-delay=\"0\" >\n\t\t<div class=\"vc_column-inner\" >\n\t\t\t<div class=\"wpb_wrapper\">\n\t\t\t\t<div class=\"img-with-aniamtion-wrap\" data-max-width=\"100%\" data-max-width-mobile=\"default\" data-shadow=\"none\" data-animation=\"fade-in\" >\r\n      <div class=\"inner\">\r\n        <div class=\"hover-wrap\"> \r\n          <div class=\"hover-wrap-inner\">\r\n            <img class=\"img-with-animation skip-lazy\" data-delay=\"0\" height=\"1552\" width=\"2560\" data-animation=\"fade-in\" src=\"https:\/\/www.osc-ravnagora.com\/wp-content\/uploads\/2021\/04\/Kongres-50s-1-scaled.jpg\" alt=\"\" srcset=\"https:\/\/www.osc-ravnagora.com\/wp-content\/uploads\/2021\/04\/Kongres-50s-1-scaled.jpg 2560w, https:\/\/www.osc-ravnagora.com\/wp-content\/uploads\/2021\/04\/Kongres-50s-1-300x182.jpg 300w, https:\/\/www.osc-ravnagora.com\/wp-content\/uploads\/2021\/04\/Kongres-50s-1-1024x621.jpg 1024w, https:\/\/www.osc-ravnagora.com\/wp-content\/uploads\/2021\/04\/Kongres-50s-1-768x466.jpg 768w, https:\/\/www.osc-ravnagora.com\/wp-content\/uploads\/2021\/04\/Kongres-50s-1-1536x931.jpg 1536w, https:\/\/www.osc-ravnagora.com\/wp-content\/uploads\/2021\/04\/Kongres-50s-1-2048x1242.jpg 2048w\" sizes=\"(min-width: 1450px) 75vw, (min-width: 1000px) 85vw, 100vw\" \/>\r\n          <\/div>\r\n        <\/div>\r\n      <\/div>\r\n    <\/div>\n\t\t\t<\/div> \n\t\t<\/div>\n\t<\/div> \n<\/div><\/div>\r\n\t\t<div id=\"fws_69dc2a5caa7a7\"  data-column-margin=\"default\" data-midnight=\"dark\" data-top-percent=\"4%\"  class=\"wpb_row vc_row-fluid vc_row\"  style=\"padding-top: calc(100vw * 0.04); padding-bottom: 0px; \"><div class=\"row-bg-wrap\" data-bg-animation=\"none\" data-bg-overlay=\"false\"><div class=\"inner-wrap\"><div class=\"row-bg\"  style=\"\"><\/div><\/div><\/div><div class=\"row_col_wrap_12 col span_12 dark left\">\n\t<div  class=\"vc_col-sm-6 wpb_column column_container vc_column_container col no-extra-padding inherit_tablet inherit_phone\"  data-padding-pos=\"all\" data-has-bg-color=\"false\" data-bg-color=\"\" data-bg-opacity=\"1\" data-animation=\"\" data-delay=\"0\" >\n\t\t<div class=\"vc_column-inner\" >\n\t\t\t<div class=\"wpb_wrapper\">\n\t\t\t\t<div class=\"img-with-aniamtion-wrap\" data-max-width=\"100%\" data-max-width-mobile=\"default\" data-shadow=\"none\" data-animation=\"fade-in\" >\r\n      <div class=\"inner\">\r\n        <div class=\"hover-wrap\"> \r\n          <div class=\"hover-wrap-inner\">\r\n            <img class=\"img-with-animation skip-lazy\" data-delay=\"0\" height=\"1593\" width=\"2560\" data-animation=\"fade-in\" src=\"https:\/\/www.osc-ravnagora.com\/wp-content\/uploads\/2021\/04\/Kongres-50s-2-scaled.jpg\" alt=\"\" srcset=\"https:\/\/www.osc-ravnagora.com\/wp-content\/uploads\/2021\/04\/Kongres-50s-2-scaled.jpg 2560w, https:\/\/www.osc-ravnagora.com\/wp-content\/uploads\/2021\/04\/Kongres-50s-2-300x187.jpg 300w, https:\/\/www.osc-ravnagora.com\/wp-content\/uploads\/2021\/04\/Kongres-50s-2-1024x637.jpg 1024w, https:\/\/www.osc-ravnagora.com\/wp-content\/uploads\/2021\/04\/Kongres-50s-2-768x478.jpg 768w, https:\/\/www.osc-ravnagora.com\/wp-content\/uploads\/2021\/04\/Kongres-50s-2-1536x956.jpg 1536w, https:\/\/www.osc-ravnagora.com\/wp-content\/uploads\/2021\/04\/Kongres-50s-2-2048x1275.jpg 2048w\" sizes=\"(min-width: 1450px) 75vw, (min-width: 1000px) 85vw, 100vw\" \/>\r\n          <\/div>\r\n        <\/div>\r\n      <\/div>\r\n    <\/div>\n\t\t\t<\/div> \n\t\t<\/div>\n\t<\/div> \n\n\t<div  class=\"vc_col-sm-6 wpb_column column_container vc_column_container col no-extra-padding inherit_tablet inherit_phone\"  data-padding-pos=\"all\" data-has-bg-color=\"false\" data-bg-color=\"\" data-bg-opacity=\"1\" data-animation=\"\" data-delay=\"0\" >\n\t\t<div class=\"vc_column-inner\" >\n\t\t\t<div class=\"wpb_wrapper\">\n\t\t\t\t\r\n<div class=\"wpb_text_column wpb_content_element\" >\r\n\t<div class=\"wpb_wrapper\">\r\n\t\t<p>Many combatants had become disheartened with the idea of Yugoslavia and did not want to associate to institutions or organizations that identified themselves with \u201cYugoslavia\u201d.\u00a0 The fact that the overwhelming majority of the Royal Army was comprised of Serbs and the fact that the Serbs suffered the most in Yugoslavia, there was a consensus for the need to directly identify as \u201cSerbian\u201d.\u00a0 \u00a0On August 22, 1951 in Milwaukee, Wisconsin, the first organizing of Serbian Chetniks was initiated and chaired by combatant and publicist Bo\u017eo Sokolovi\u0107 on the premises of St. Sava church grounds, where about 100 Chetniks from all Serbian regions attended.\u00a0 The first Local Chapter was declared at this time.\u00a0 Elected for president was wartime commander \u0110oko Mari\u0107, Vice President Stevo Ra\u0111enovi\u0107, Secretary Bo\u017eo Sokolovi\u0107 and Treasurer Gojko Grubor.<\/p>\n\t<\/div>\r\n<\/div>\r\n\r\n\r\n\r\n\n\t\t\t<\/div> \n\t\t<\/div>\n\t<\/div> \n<\/div><\/div>\r\n\t\t<div id=\"fws_69dc2a5cabac3\"  data-column-margin=\"default\" data-midnight=\"dark\" data-top-percent=\"4%\"  class=\"wpb_row vc_row-fluid vc_row\"  style=\"padding-top: calc(100vw * 0.04); padding-bottom: 0px; \"><div class=\"row-bg-wrap\" data-bg-animation=\"none\" data-bg-overlay=\"false\"><div class=\"inner-wrap\"><div class=\"row-bg\"  style=\"\"><\/div><\/div><\/div><div class=\"row_col_wrap_12 col span_12 dark left\">\n\t<div  class=\"vc_col-sm-6 wpb_column column_container vc_column_container col no-extra-padding inherit_tablet inherit_phone\"  data-padding-pos=\"all\" data-has-bg-color=\"false\" data-bg-color=\"\" data-bg-opacity=\"1\" data-animation=\"\" data-delay=\"0\" >\n\t\t<div class=\"vc_column-inner\" >\n\t\t\t<div class=\"wpb_wrapper\">\n\t\t\t\t\r\n<div class=\"wpb_text_column wpb_content_element\" >\r\n\t<div class=\"wpb_wrapper\">\r\n\t\t<p>The second Local Chapter was established in Gary, Indiana.\u00a0 Elected for its president was Petar Ka\u0161i\u0107. The third Local Chapter was established in Cleveland, Ohio. Elected for its president was Branko Uzelac. The fourth Local Chapter was established in South Chicago. Elected for its president was Vukale Vukoti\u0107. \u00a0The formation of Local Chetnik Chapters continued to spread all over the United States, Canada and Western Europe.<\/p>\n<p>The first Chetnik Congress was held on May 31, 1952 in South Chicago.\u00a0 At this congress the \u201cOrganization of Serbian Chetniks in the Free World\u201d was declared.\u00a0 Elected for president was Vojvoda \u00a0Mom\u010dilo R. \u0110uji\u0107, for vice president\u00a0 \u0110oko Mari\u0107, for secretary Captain Nedeljko Ple\u0107a\u0161 , for treasurer Bo\u0161ko Nani\u0107 as well as others forming the Central Administration.<\/p>\n\t<\/div>\r\n<\/div>\r\n\r\n\r\n\r\n\n\t\t\t<\/div> \n\t\t<\/div>\n\t<\/div> \n\n\t<div  class=\"vc_col-sm-6 wpb_column column_container vc_column_container col no-extra-padding inherit_tablet inherit_phone\"  data-padding-pos=\"all\" data-has-bg-color=\"false\" data-bg-color=\"\" data-bg-opacity=\"1\" data-animation=\"\" data-delay=\"0\" >\n\t\t<div class=\"vc_column-inner\" >\n\t\t\t<div class=\"wpb_wrapper\">\n\t\t\t\t<div class=\"img-with-aniamtion-wrap\" data-max-width=\"50%\" data-max-width-mobile=\"default\" data-shadow=\"none\" data-animation=\"fade-in\" >\r\n      <div class=\"inner\">\r\n        <div class=\"hover-wrap\"> \r\n          <div class=\"hover-wrap-inner\">\r\n            <img class=\"img-with-animation skip-lazy\" data-delay=\"0\" height=\"1801\" width=\"1200\" data-animation=\"fade-in\" src=\"https:\/\/www.osc-ravnagora.com\/wp-content\/uploads\/2021\/04\/IMG_2896-copy-1.jpg\" alt=\"\" srcset=\"https:\/\/www.osc-ravnagora.com\/wp-content\/uploads\/2021\/04\/IMG_2896-copy-1.jpg 1200w, https:\/\/www.osc-ravnagora.com\/wp-content\/uploads\/2021\/04\/IMG_2896-copy-1-200x300.jpg 200w, https:\/\/www.osc-ravnagora.com\/wp-content\/uploads\/2021\/04\/IMG_2896-copy-1-682x1024.jpg 682w, https:\/\/www.osc-ravnagora.com\/wp-content\/uploads\/2021\/04\/IMG_2896-copy-1-768x1153.jpg 768w, https:\/\/www.osc-ravnagora.com\/wp-content\/uploads\/2021\/04\/IMG_2896-copy-1-1023x1536.jpg 1023w\" sizes=\"(min-width: 1450px) 75vw, (min-width: 1000px) 85vw, 100vw\" \/>\r\n          <\/div>\r\n        <\/div>\r\n      <\/div>\r\n    <\/div>\n\t\t\t<\/div> \n\t\t<\/div>\n\t<\/div> \n<\/div><\/div>\r\n\t\t<div id=\"fws_69dc2a5cac9cb\"  data-column-margin=\"default\" data-midnight=\"dark\" data-top-percent=\"4%\"  class=\"wpb_row vc_row-fluid vc_row\"  style=\"padding-top: calc(100vw * 0.04); padding-bottom: 0px; \"><div class=\"row-bg-wrap\" data-bg-animation=\"none\" data-bg-overlay=\"false\"><div class=\"inner-wrap\"><div class=\"row-bg\"  style=\"\"><\/div><\/div><\/div><div class=\"row_col_wrap_12 col span_12 dark left\">\n\t<div  class=\"vc_col-sm-6 wpb_column column_container vc_column_container col no-extra-padding inherit_tablet inherit_phone\"  data-padding-pos=\"all\" data-has-bg-color=\"false\" data-bg-color=\"\" data-bg-opacity=\"1\" data-animation=\"\" data-delay=\"0\" >\n\t\t<div class=\"vc_column-inner\" >\n\t\t\t<div class=\"wpb_wrapper\">\n\t\t\t\t<div class=\"img-with-aniamtion-wrap\" data-max-width=\"100%\" data-max-width-mobile=\"default\" data-shadow=\"none\" data-animation=\"fade-in\" >\r\n      <div class=\"inner\">\r\n        <div class=\"hover-wrap\"> \r\n          <div class=\"hover-wrap-inner\">\r\n            <img class=\"img-with-animation skip-lazy\" data-delay=\"0\" height=\"452\" width=\"360\" data-animation=\"fade-in\" src=\"https:\/\/www.osc-ravnagora.com\/wp-content\/uploads\/2021\/04\/IMG_2908.jpg\" alt=\"\" srcset=\"https:\/\/www.osc-ravnagora.com\/wp-content\/uploads\/2021\/04\/IMG_2908.jpg 360w, https:\/\/www.osc-ravnagora.com\/wp-content\/uploads\/2021\/04\/IMG_2908-239x300.jpg 239w\" sizes=\"(min-width: 1450px) 75vw, (min-width: 1000px) 85vw, 100vw\" \/>\r\n          <\/div>\r\n        <\/div>\r\n      <\/div>\r\n    <\/div>\n\t\t\t<\/div> \n\t\t<\/div>\n\t<\/div> \n\n\t<div  class=\"vc_col-sm-6 wpb_column column_container vc_column_container col no-extra-padding inherit_tablet inherit_phone\"  data-padding-pos=\"all\" data-has-bg-color=\"false\" data-bg-color=\"\" data-bg-opacity=\"1\" data-animation=\"\" data-delay=\"0\" >\n\t\t<div class=\"vc_column-inner\" >\n\t\t\t<div class=\"wpb_wrapper\">\n\t\t\t\t\r\n<div class=\"wpb_text_column wpb_content_element\" >\r\n\t<div class=\"wpb_wrapper\">\r\n\t\t<p>This Organization that grew into a substantially large body of former combatants and sympathizers became a serious political threat to the new Communist regime in Belgrade. As such, it also placed a huge amount of stress on the Organization due to the political and diplomatic relationships between Yugoslavia and other countries in the free Western hemisphere where the Chetniks had emigrated to.\u00a0 Because of disagreements that had developed on how to proceed with battling the Communists, the Organization began to fracture; those loyal to Vojvoda \u0110uji\u0107 who advocated for working with former Royal Yugoslavian politicians; and those loyal to Vojvoda Jev\u0111evi\u0107, who were not in favor of working with said politicians.<\/p>\n\t<\/div>\r\n<\/div>\r\n\r\n\r\n\r\n\n\t\t\t<\/div> \n\t\t<\/div>\n\t<\/div> \n<\/div><\/div>\r\n\t\t<div id=\"fws_69dc2a5cad503\"  data-column-margin=\"default\" data-midnight=\"dark\" data-top-percent=\"4%\"  class=\"wpb_row vc_row-fluid vc_row\"  style=\"padding-top: calc(100vw * 0.04); padding-bottom: 0px; \"><div class=\"row-bg-wrap\" data-bg-animation=\"none\" data-bg-overlay=\"false\"><div class=\"inner-wrap\"><div class=\"row-bg\"  style=\"\"><\/div><\/div><\/div><div class=\"row_col_wrap_12 col span_12 dark left\">\n\t<div  class=\"vc_col-sm-6 wpb_column column_container vc_column_container col no-extra-padding inherit_tablet inherit_phone\"  data-padding-pos=\"all\" data-has-bg-color=\"false\" data-bg-color=\"\" data-bg-opacity=\"1\" data-animation=\"\" data-delay=\"0\" >\n\t\t<div class=\"vc_column-inner\" >\n\t\t\t<div class=\"wpb_wrapper\">\n\t\t\t\t\r\n<div class=\"wpb_text_column wpb_content_element\" >\r\n\t<div class=\"wpb_wrapper\">\r\n\t\t<p>Following a turbulant Congress in 1957, the political differences proved to be irreconcilable and the Organization polarized into two camps; those who supported \u0110uji\u0107 (who were the slight majority), and those who supported Jev\u0111evi\u0107.\u00a0 Thus, on February 15, 1958 in Gary, Indiana, President Vojvoda \u0110uji\u0107 called for an extraordinary Congress and the Movement of Serbian Chetniks &#8220;Ravne Gore\u201d was declared.\u00a0 Later that year, on May 31, 1958 in Harbor, Indiana, the Organization of Serbian Chetniks &#8220;Ravna Gora&#8221; was officially declared and \u0110oko Mari\u0107 was elected President, Vojvoda Jev\u0111evi\u0107 Honorary President, Major Milan Cvjeti\u0107anin 1st VP, Tomica Ivan\u010devi\u0107 2nd VP, and Bo\u017eo Sokolovi\u0107 Secretary. \u00a0In 1963, after the Communist Party of Yugoslavia initiated a \u201cchurch split\u201d (ref. the book \u201cThe Communists and I\u201d, an interview with His Holiness Patriarch German), the Serbian Chetnik Movement &#8220;Gavrilo Princip&#8221; was declared aligning itself with the Belgrade Patriarchate in regard to the church split as was done by the MSC \u201cRavne Gore\u201d.\u00a0 The OSC \u201cRavna Gora\u201d and the Association of Combatants of the RYA \u2013 Dra\u017ea Mihailovi\u0107 were aligned with Bishop Dionisije head of the Free Serbian Orthodox Church in Libertyville, Illinois U.S.A.<\/p>\n\t<\/div>\r\n<\/div>\r\n\r\n\r\n\r\n\n\t\t\t<\/div> \n\t\t<\/div>\n\t<\/div> \n\n\t<div  class=\"vc_col-sm-6 wpb_column column_container vc_column_container col no-extra-padding inherit_tablet inherit_phone\"  data-padding-pos=\"all\" data-has-bg-color=\"false\" data-bg-color=\"\" data-bg-opacity=\"1\" data-animation=\"\" data-delay=\"0\" >\n\t\t<div class=\"vc_column-inner\" >\n\t\t\t<div class=\"wpb_wrapper\">\n\t\t\t\t<div class=\"img-with-aniamtion-wrap\" data-max-width=\"100%\" data-max-width-mobile=\"default\" data-shadow=\"none\" data-animation=\"fade-in\" >\r\n      <div class=\"inner\">\r\n        <div class=\"hover-wrap\"> \r\n          <div class=\"hover-wrap-inner\">\r\n            <img class=\"img-with-animation skip-lazy\" data-delay=\"0\" height=\"1324\" width=\"2048\" data-animation=\"fade-in\" src=\"https:\/\/www.osc-ravnagora.com\/wp-content\/uploads\/2021\/04\/OSC-u-Slobodnom-Svetu.jpg\" alt=\"\" srcset=\"https:\/\/www.osc-ravnagora.com\/wp-content\/uploads\/2021\/04\/OSC-u-Slobodnom-Svetu.jpg 2048w, https:\/\/www.osc-ravnagora.com\/wp-content\/uploads\/2021\/04\/OSC-u-Slobodnom-Svetu-300x194.jpg 300w, https:\/\/www.osc-ravnagora.com\/wp-content\/uploads\/2021\/04\/OSC-u-Slobodnom-Svetu-1024x662.jpg 1024w, https:\/\/www.osc-ravnagora.com\/wp-content\/uploads\/2021\/04\/OSC-u-Slobodnom-Svetu-768x497.jpg 768w, https:\/\/www.osc-ravnagora.com\/wp-content\/uploads\/2021\/04\/OSC-u-Slobodnom-Svetu-1536x993.jpg 1536w\" sizes=\"(min-width: 1450px) 75vw, (min-width: 1000px) 85vw, 100vw\" \/>\r\n          <\/div>\r\n        <\/div>\r\n      <\/div>\r\n    <\/div>\n\t\t\t<\/div> \n\t\t<\/div>\n\t<\/div> \n<\/div><\/div>\r\n\t\t<div id=\"fws_69dc2a5cae588\"  data-column-margin=\"default\" data-midnight=\"dark\" data-top-percent=\"4%\"  class=\"wpb_row vc_row-fluid vc_row\"  style=\"padding-top: calc(100vw * 0.04); padding-bottom: 0px; \"><div class=\"row-bg-wrap\" data-bg-animation=\"none\" data-bg-overlay=\"false\"><div class=\"inner-wrap\"><div class=\"row-bg\"  style=\"\"><\/div><\/div><\/div><div class=\"row_col_wrap_12 col span_12 dark left\">\n\t<div  class=\"vc_col-sm-12 wpb_column column_container vc_column_container col no-extra-padding inherit_tablet inherit_phone\"  data-padding-pos=\"all\" data-has-bg-color=\"false\" data-bg-color=\"\" data-bg-opacity=\"1\" data-animation=\"\" data-delay=\"0\" >\n\t\t<div class=\"vc_column-inner\" >\n\t\t\t<div class=\"wpb_wrapper\">\n\t\t\t\t<h2 style=\"font-size: 40px;text-align: center\" class=\"vc_custom_heading\" >REFLECTION<\/h2>\n\t\t\t<\/div> \n\t\t<\/div>\n\t<\/div> \n<\/div><\/div>\r\n\t\t<div id=\"fws_69dc2a5cae8e9\"  data-column-margin=\"default\" data-midnight=\"dark\" data-top-percent=\"4%\"  class=\"wpb_row vc_row-fluid vc_row\"  style=\"padding-top: calc(100vw * 0.04); padding-bottom: 0px; \"><div class=\"row-bg-wrap\" data-bg-animation=\"none\" data-bg-overlay=\"false\"><div class=\"inner-wrap\"><div class=\"row-bg\"  style=\"\"><\/div><\/div><\/div><div class=\"row_col_wrap_12 col span_12 dark left\">\n\t<div  class=\"vc_col-sm-12 wpb_column column_container vc_column_container col no-extra-padding inherit_tablet inherit_phone\"  data-padding-pos=\"all\" data-has-bg-color=\"false\" data-bg-color=\"\" data-bg-opacity=\"1\" data-animation=\"\" data-delay=\"0\" >\n\t\t<div class=\"vc_column-inner\" >\n\t\t\t<div class=\"wpb_wrapper\">\n\t\t\t\t\r\n<div class=\"wpb_text_column wpb_content_element\" >\r\n\t<div class=\"wpb_wrapper\">\r\n\t\t<p>As one can see, from one substantial wartime emigration, several organizations evolved, whose goals were and still are essentially identical.\u00a0 That is, to dismantle the falsehoods created by Tito\u2019s communist regime regarding General Dragoljub Mihailovi\u0107 and WWII events in Yugoslavia.\u00a0 In Serbia today, Partizan successors (with some exceptions) continue with Titoist \/ Communist ideology, for which their predecessors fought for, aimed against Dra\u017ea, the Chetniks, as well as the Serbian nation while omitting nothing of the Communist tactics used in the Second World War.\u00a0 We are all witnesses to the flagrant distortion of historical events, particularly involving the rescue of Allied Airmen at Pranjani.<\/p>\n\t<\/div>\r\n<\/div>\r\n\r\n\r\n\r\n\n\t\t\t<\/div> \n\t\t<\/div>\n\t<\/div> \n<\/div><\/div>\r\n\t\t<div id=\"fws_69dc2a5caed7f\"  data-column-margin=\"default\" data-midnight=\"dark\" data-top-percent=\"4%\"  class=\"wpb_row vc_row-fluid vc_row\"  style=\"padding-top: calc(100vw * 0.04); padding-bottom: 0px; \"><div class=\"row-bg-wrap\" data-bg-animation=\"none\" data-bg-overlay=\"false\"><div class=\"inner-wrap\"><div class=\"row-bg\"  style=\"\"><\/div><\/div><\/div><div class=\"row_col_wrap_12 col span_12 dark left\">\n\t<div  class=\"vc_col-sm-12 wpb_column column_container vc_column_container col no-extra-padding inherit_tablet inherit_phone\"  data-padding-pos=\"all\" data-has-bg-color=\"false\" data-bg-color=\"\" data-bg-opacity=\"1\" data-animation=\"\" data-delay=\"0\" >\n\t\t<div class=\"vc_column-inner\" >\n\t\t\t<div class=\"wpb_wrapper\">\n\t\t\t\t<h2 style=\"font-size: 40px;text-align: center\" class=\"vc_custom_heading\" >CHETNIK COMMANDERS<br \/>\nWHO PARTICIPATED IN ORGANISING THE FIRST LOCAL CHETNIK CHAPTER IN MILWAUKEE, WISCONSIN ON AUGUST 22, 1951<\/h2><div id=\"fws_69dc2a5caf183\" data-midnight=\"\" data-column-margin=\"default\" class=\"wpb_row vc_row-fluid vc_row inner_row\"  style=\"\"><div class=\"row-bg-wrap\"> <div class=\"row-bg\" ><\/div> <\/div><div class=\"row_col_wrap_12_inner col span_12  left\">\n\t<div  class=\"vc_col-sm-4 wpb_column column_container vc_column_container col child_column no-extra-padding inherit_tablet inherit_phone\"   data-padding-pos=\"all\" data-has-bg-color=\"false\" data-bg-color=\"\" data-bg-opacity=\"1\" data-animation=\"\" data-delay=\"0\">\n\t\t<div class=\"vc_column-inner\" >\n\t\t<div class=\"wpb_wrapper\">\n\t\t\t\r\n<div class=\"wpb_text_column wpb_content_element\" >\r\n\t<div class=\"wpb_wrapper\">\r\n\t\t<p><strong>Company commanders:<\/strong><\/p>\n<ol>\n<li>Gojko Grubor<\/li>\n<li>Stevo \u017dakula<\/li>\n<li>Danilo Kalini\u0107<\/li>\n<li>Nikola Joveti\u0107<\/li>\n<li>\u0110uro Momi\u0107<\/li>\n<\/ol>\n\t<\/div>\r\n<\/div>\r\n\r\n\r\n\r\n\n\t\t<\/div> \n\t<\/div>\n\t<\/div> \n\n\t<div  class=\"vc_col-sm-4 wpb_column column_container vc_column_container col child_column no-extra-padding inherit_tablet inherit_phone\"   data-padding-pos=\"all\" data-has-bg-color=\"false\" data-bg-color=\"\" data-bg-opacity=\"1\" data-animation=\"\" data-delay=\"0\">\n\t\t<div class=\"vc_column-inner\" >\n\t\t<div class=\"wpb_wrapper\">\n\t\t\t\r\n<div class=\"wpb_text_column wpb_content_element\" >\r\n\t<div class=\"wpb_wrapper\">\r\n\t\t<p><strong>Battalion commanders:<\/strong><\/p>\n<ol>\n<li>Petar \u0110ilas<\/li>\n<li>Nikola Stojisavljevi\u0107 \u2013 Bura<\/li>\n<li>Petar Panti\u0107<\/li>\n<li>Sava Mali\u0107<\/li>\n<li>Jovo Iveki\u0107<\/li>\n<\/ol>\n\t<\/div>\r\n<\/div>\r\n\r\n\r\n\r\n\n\t\t<\/div> \n\t<\/div>\n\t<\/div> \n\n\t<div  class=\"vc_col-sm-4 wpb_column column_container vc_column_container col child_column no-extra-padding inherit_tablet inherit_phone\"   data-padding-pos=\"all\" data-has-bg-color=\"false\" data-bg-color=\"\" data-bg-opacity=\"1\" data-animation=\"\" data-delay=\"0\">\n\t\t<div class=\"vc_column-inner\" >\n\t\t<div class=\"wpb_wrapper\">\n\t\t\t\r\n<div class=\"wpb_text_column wpb_content_element\" >\r\n\t<div class=\"wpb_wrapper\">\r\n\t\t<p><strong>Brigade commanders:<\/strong><\/p>\n<ol>\n<li>\u0110oko P. Mari\u0107<\/li>\n<li>Nikola Beri\u0107<\/li>\n<li>Peter J. Sovilj<\/li>\n<\/ol>\n\t<\/div>\r\n<\/div>\r\n\r\n\r\n\r\n\n\t\t<\/div> \n\t<\/div>\n\t<\/div> \n<\/div><\/div><div class=\"divider-wrap\" data-alignment=\"default\"><div style=\"height: 25px;\" class=\"divider\"><\/div><\/div>\r\n<div class=\"wpb_text_column wpb_content_element\" >\r\n\t<div class=\"wpb_wrapper\">\r\n\t\t<p>Altogether, 13 Chetnik commanders who had resettled in Milwaukee, Wisconsin.<\/p>\n<p>Among the above-mentioned was pre-war Public Minister Stevo Ra\u0111enovi\u0107 who was during the war a political adviser to the Commander of the Dinara Chetnik Division Vojvoda Mom\u010dilo R. \u0110juji\u0107.\u00a0 He held that position from October 27, 1941 to May 5, 1945, until the Chetniks were ordered to surrender their weapons to their so-called allies, the British, in Palma Nova, Italy.<\/p>\n\t<\/div>\r\n<\/div>\r\n\r\n\r\n\r\n\n\t\t\t<\/div> \n\t\t<\/div>\n\t<\/div> \n<\/div><\/div>","protected":false},"excerpt":{"rendered":"SHORT HISTORY OF THE SERBIAN CHETNIK EMIGRATION and the ORGANIZATION OF SERBIAN CHETNIKS \u201cIN THE FREE WORLD\u201d After the retreat of the Yugoslavian Army in...","protected":false},"author":1,"featured_media":0,"parent":0,"menu_order":0,"comment_status":"closed","ping_status":"closed","template":"","meta":[],"_links":{"self":[{"href":"https:\/\/www.osc-ravnagora.com\/en\/wp-json\/wp\/v2\/pages\/5875"}],"collection":[{"href":"https:\/\/www.osc-ravnagora.com\/en\/wp-json\/wp\/v2\/pages"}],"about":[{"href":"https:\/\/www.osc-ravnagora.com\/en\/wp-json\/wp\/v2\/types\/page"}],"author":[{"embeddable":true,"href":"https:\/\/www.osc-ravnagora.com\/en\/wp-json\/wp\/v2\/users\/1"}],"replies":[{"embeddable":true,"href":"https:\/\/www.osc-ravnagora.com\/en\/wp-json\/wp\/v2\/comments?post=5875"}],"version-history":[{"count":7,"href":"https:\/\/www.osc-ravnagora.com\/en\/wp-json\/wp\/v2\/pages\/5875\/revisions"}],"predecessor-version":[{"id":5899,"href":"https:\/\/www.osc-ravnagora.com\/en\/wp-json\/wp\/v2\/pages\/5875\/revisions\/5899"}],"wp:attachment":[{"href":"https:\/\/www.osc-ravnagora.com\/en\/wp-json\/wp\/v2\/media?parent=5875"}],"curies":[{"name":"wp","href":"https:\/\/api.w.org\/{rel}","templated":true}]}}